{"id":493,"date":"2021-09-16T07:32:33","date_gmt":"2021-09-16T07:32:33","guid":{"rendered":"https:\/\/sandapropertyservices.lubeckstudio.com\/?page_id=493"},"modified":"2024-11-13T16:17:34","modified_gmt":"2024-11-13T16:17:34","slug":"about-us","status":"publish","type":"page","link":"https:\/\/sandapropertyservices.com\/es\/about-us\/","title":{"rendered":"Qui\u00e9nes somos"},"content":{"rendered":"<div data-elementor-type=\"wp-page\" data-elementor-id=\"493\" class=\"elementor elementor-493\" data-elementor-post-type=\"page\">\n\t\t\t\t<div class=\"elementor-element elementor-element-c861582 e-con-full e-flex e-con e-parent\" data-id=\"c861582\" data-element_type=\"container\" data-settings=\"{&quot;background_background&quot;:&quot;classic&quot;}\">\n\t\t\t\t<div class=\"elementor-element elementor-element-784b6e6 elementor-widget elementor-widget-heading\" data-id=\"784b6e6\" data-element_type=\"widget\" data-widget_type=\"heading.default\">\n\t\t\t\t<div class=\"elementor-widget-container\">\n\t\t\t\t\t<h2 class=\"elementor-heading-title elementor-size-default\">Acerca de<\/h2>\t\t\t\t<\/div>\n\t\t\t\t<\/div>\n\t\t\t\t<div class=\"elementor-element elementor-element-e721a8b elementor-widget elementor-widget-heading\" data-id=\"e721a8b\" data-element_type=\"widget\" data-widget_type=\"heading.default\">\n\t\t\t\t<div class=\"elementor-widget-container\">\n\t\t\t\t\t<h2 class=\"elementor-heading-title elementor-size-default\">S and A Property Services<\/h2>\t\t\t\t<\/div>\n\t\t\t\t<\/div>\n\t\t\t\t<\/div>\n\t\t<div class=\"elementor-element elementor-element-f728d4c e-flex e-con-boxed e-con e-parent\" data-id=\"f728d4c\" data-element_type=\"container\">\n\t\t\t\t\t<div class=\"e-con-inner\">\n\t\t<div class=\"elementor-element elementor-element-7ad4f72 e-con-full e-flex e-con e-child\" data-id=\"7ad4f72\" data-element_type=\"container\">\n\t\t\t\t<div class=\"elementor-element elementor-element-8109883 elementor-hidden-desktop elementor-hidden-tablet elementor-hidden-mobile elementor-widget elementor-widget-moore_elementor_heading\" data-id=\"8109883\" data-element_type=\"widget\" data-widget_type=\"moore_elementor_heading.default\">\n\t\t\t\t<div class=\"elementor-widget-container\">\n\t\t\t\t\t         <div class=\"ova-heading\">\n\n\t\t\t<h2 class=\"title\">Qui\u00e9nes somos<\/h2>\n\t\t \t\n\t    <\/div>\n\t\t \t\n\t\t\t\t\t\t<\/div>\n\t\t\t\t<\/div>\n\t\t\t\t<div class=\"elementor-element elementor-element-72e93c8 elementor-widget elementor-widget-moore_elementor_heading\" data-id=\"72e93c8\" data-element_type=\"widget\" data-widget_type=\"moore_elementor_heading.default\">\n\t\t\t\t<div class=\"elementor-widget-container\">\n\t\t\t\t\t         <div class=\"ova-heading\">\n\n\t\t\t<h2 class=\"title\">Redefinir la gesti\u00f3n inmobiliaria con excelencia<\/h2>\n\t\t \t\n\t    <\/div>\n\t\t \t\n\t\t\t\t\t\t<\/div>\n\t\t\t\t<\/div>\n\t\t\t\t<div class=\"elementor-element elementor-element-ef7bb33 elementor-widget elementor-widget-text-editor\" data-id=\"ef7bb33\" data-element_type=\"widget\" data-widget_type=\"text-editor.default\">\n\t\t\t\t<div class=\"elementor-widget-container\">\n\t\t\t\t\t\t\t\t\t<p>S and A Property Services es una empresa de gesti\u00f3n inmobiliaria totalmente integrada que gu\u00eda a sus clientes desde la adquisici\u00f3n de terrenos hasta su desarrollo, estabilizaci\u00f3n y propiedad a largo plazo. Si bien la mayor parte de nuestra cartera de gesti\u00f3n consiste en nuestras propias propiedades privadas, tenemos un historial demostrado de ofrecer resultados s\u00f3lidos con asociaciones de gesti\u00f3n de propiedades de terceros.<\/p><p>Debido a nuestra experiencia y gran inversi\u00f3n en el sector a trav\u00e9s de desarrollos internos nos han permitido perfeccionar un enfoque pr\u00e1ctico y eficaz del desarrollo sostenible y las operaciones inmobiliarias. Nos enorgullecemos de formar asociaciones estrat\u00e9gicas y de seleccionar cuidadosamente las propiedades y los propietarios que se alinean con el esp\u00edritu de nuestra empresa. A trav\u00e9s de nuestros servicios integrales de gesti\u00f3n, nos esforzamos por fomentar colaboraciones duraderas, aprovechando nuestras operaciones totalmente integradas -incluyendo la construcci\u00f3n, el desarrollo y el mantenimiento- para desbloquear oportunidades internas adicionales e impulsar un valor duradero.<\/p>\t\t\t\t\t\t\t\t<\/div>\n\t\t\t\t<\/div>\n\t\t\t\t<div class=\"elementor-element elementor-element-35ad4d6 elementor-align-center elementor-widget elementor-widget-button\" data-id=\"35ad4d6\" data-element_type=\"widget\" data-widget_type=\"button.default\">\n\t\t\t\t<div class=\"elementor-widget-container\">\n\t\t\t\t\t\t\t\t\t<div class=\"elementor-button-wrapper\">\n\t\t\t\t\t<a class=\"elementor-button elementor-button-link elementor-size-sm\" href=\"https:\/\/sandapropertyservices.com\/es\/contact\/\">\n\t\t\t\t\t\t<span class=\"elementor-button-content-wrapper\">\n\t\t\t\t\t\t\t\t\t<span class=\"elementor-button-text\">CONTACTO<\/span>\n\t\t\t\t\t<\/span>\n\t\t\t\t\t<\/a>\n\t\t\t\t<\/div>\n\t\t\t\t\t\t\t\t<\/div>\n\t\t\t\t<\/div>\n\t\t\t\t<\/div>\n\t\t<div class=\"elementor-element elementor-element-da8b490 e-con-full e-flex e-con e-child\" data-id=\"da8b490\" data-element_type=\"container\" data-settings=\"{&quot;background_background&quot;:&quot;classic&quot;}\">\n\t\t\t\t<\/div>\n\t\t\t\t\t<\/div>\n\t\t\t\t<\/div>\n\t\t\t\t<section class=\"elementor-section elementor-top-section elementor-element elementor-element-cc5c76c elementor-section-boxed elementor-section-height-default elementor-section-height-default\" data-id=\"cc5c76c\" data-element_type=\"section\">\n\t\t\t\t\t\t<div class=\"elementor-container elementor-column-gap-default\">\n\t\t\t\t\t<div class=\"elementor-column elementor-col-50 elementor-top-column elementor-element elementor-element-eda43a1\" data-id=\"eda43a1\" data-element_type=\"column\">\n\t\t\t<div class=\"elementor-widget-wrap elementor-element-populated\">\n\t\t\t\t\t\t<div class=\"elementor-element elementor-element-3281c22 elementor-hidden-mobile elementor-widget elementor-widget-image\" data-id=\"3281c22\" data-element_type=\"widget\" data-widget_type=\"image.default\">\n\t\t\t\t<div class=\"elementor-widget-container\">\n\t\t\t\t\t\t\t\t\t\t\t\t\t\t\t<img fetchpriority=\"high\" decoding=\"async\" width=\"1333\" height=\"2000\" src=\"https:\/\/sandapropertyservices.com\/wp-content\/uploads\/2024\/08\/business-meeting-businesswomen-shaking-hands-in-business-partnership-meeting-.jpg\" class=\"attachment-full size-full wp-image-6506\" alt=\"Business meeting, businesswomen shaking hands in business partnership meeting.\" srcset=\"https:\/\/sandapropertyservices.com\/wp-content\/uploads\/2024\/08\/business-meeting-businesswomen-shaking-hands-in-business-partnership-meeting-.jpg 1333w, https:\/\/sandapropertyservices.com\/wp-content\/uploads\/2024\/08\/business-meeting-businesswomen-shaking-hands-in-business-partnership-meeting--200x300.jpg 200w, https:\/\/sandapropertyservices.com\/wp-content\/uploads\/2024\/08\/business-meeting-businesswomen-shaking-hands-in-business-partnership-meeting--682x1024.jpg 682w, https:\/\/sandapropertyservices.com\/wp-content\/uploads\/2024\/08\/business-meeting-businesswomen-shaking-hands-in-business-partnership-meeting--768x1152.jpg 768w, https:\/\/sandapropertyservices.com\/wp-content\/uploads\/2024\/08\/business-meeting-businesswomen-shaking-hands-in-business-partnership-meeting--1024x1536.jpg 1024w, https:\/\/sandapropertyservices.com\/wp-content\/uploads\/2024\/08\/business-meeting-businesswomen-shaking-hands-in-business-partnership-meeting--560x840.jpg 560w, https:\/\/sandapropertyservices.com\/wp-content\/uploads\/2024\/08\/business-meeting-businesswomen-shaking-hands-in-business-partnership-meeting--440x660.jpg 440w\" sizes=\"(max-width: 1333px) 100vw, 1333px\" \/>\t\t\t\t\t\t\t\t\t\t\t\t\t\t\t<\/div>\n\t\t\t\t<\/div>\n\t\t\t\t\t<\/div>\n\t\t<\/div>\n\t\t\t\t<div class=\"elementor-column elementor-col-50 elementor-top-column elementor-element elementor-element-3636e98\" data-id=\"3636e98\" data-element_type=\"column\">\n\t\t\t<div class=\"elementor-widget-wrap elementor-element-populated\">\n\t\t\t\t\t\t<div class=\"elementor-element elementor-element-7b56117 elementor-widget elementor-widget-moore_elementor_heading\" data-id=\"7b56117\" data-element_type=\"widget\" data-widget_type=\"moore_elementor_heading.default\">\n\t\t\t\t<div class=\"elementor-widget-container\">\n\t\t\t\t\t         <div class=\"ova-heading\">\n\n\t\t\t<h2 class=\"title\">Por qu\u00e9 somos la primera opci\u00f3n para usted<\/h2>\n\t\t \t\n\t    <\/div>\n\t\t \t\n\t\t\t\t\t\t<\/div>\n\t\t\t\t<\/div>\n\t\t\t\t<div class=\"elementor-element elementor-element-e1929b1 elementor-widget elementor-widget-heading\" data-id=\"e1929b1\" data-element_type=\"widget\" data-widget_type=\"heading.default\">\n\t\t\t\t<div class=\"elementor-widget-container\">\n\t\t\t\t\t<h3 class=\"elementor-heading-title elementor-size-default\">Servicio excepcional<\/h3>\t\t\t\t<\/div>\n\t\t\t\t<\/div>\n\t\t\t\t<div class=\"elementor-element elementor-element-d6c63b7 elementor-widget elementor-widget-text-editor\" data-id=\"d6c63b7\" data-element_type=\"widget\" data-widget_type=\"text-editor.default\">\n\t\t\t\t<div class=\"elementor-widget-container\">\n\t\t\t\t\t\t\t\t\t<p>Damos prioridad a cada cliente e inquilino, garantizando un nivel superior de atenci\u00f3n y cuidado que nos convierte en la primera opci\u00f3n en gesti\u00f3n de propiedades.<\/p>\t\t\t\t\t\t\t\t<\/div>\n\t\t\t\t<\/div>\n\t\t\t\t<div class=\"elementor-element elementor-element-4669cec elementor-widget elementor-widget-heading\" data-id=\"4669cec\" data-element_type=\"widget\" data-widget_type=\"heading.default\">\n\t\t\t\t<div class=\"elementor-widget-container\">\n\t\t\t\t\t<h3 class=\"elementor-heading-title elementor-size-default\">Experiencia demostrada<\/h3>\t\t\t\t<\/div>\n\t\t\t\t<\/div>\n\t\t\t\t<div class=\"elementor-element elementor-element-0f2e144 elementor-widget elementor-widget-text-editor\" data-id=\"0f2e144\" data-element_type=\"widget\" data-widget_type=\"text-editor.default\">\n\t\t\t\t<div class=\"elementor-widget-container\">\n\t\t\t\t\t\t\t\t\t<p>Con m\u00e1s de 400 unidades bajo nuestra gesti\u00f3n, tenemos la experiencia y los conocimientos para ofrecer resultados y mantener los m\u00e1s altos est\u00e1ndares de cuidado de la propiedad.<\/p>\t\t\t\t\t\t\t\t<\/div>\n\t\t\t\t<\/div>\n\t\t\t\t<div class=\"elementor-element elementor-element-2055532 elementor-widget elementor-widget-heading\" data-id=\"2055532\" data-element_type=\"widget\" data-widget_type=\"heading.default\">\n\t\t\t\t<div class=\"elementor-widget-container\">\n\t\t\t\t\t<h3 class=\"elementor-heading-title elementor-size-default\">Capacidad de respuesta y fiabilidad<\/h3>\t\t\t\t<\/div>\n\t\t\t\t<\/div>\n\t\t\t\t<div class=\"elementor-element elementor-element-1dfb45a elementor-widget elementor-widget-text-editor\" data-id=\"1dfb45a\" data-element_type=\"widget\" data-widget_type=\"text-editor.default\">\n\t\t\t\t<div class=\"elementor-widget-container\">\n\t\t\t\t\t\t\t\t\t<p>Entendemos que la gesti\u00f3n inmobiliaria no termina a las 5 de la tarde. Nuestro dedicado equipo est\u00e1 siempre disponible para atender emergencias y preocupaciones, proporcionando tranquilidad tanto a propietarios como a inquilinos.<\/p>\t\t\t\t\t\t\t\t<\/div>\n\t\t\t\t<\/div>\n\t\t\t\t\t<\/div>\n\t\t<\/div>\n\t\t\t\t\t<\/div>\n\t\t<\/section>\n\t\t\t\t<section class=\"elementor-section elementor-top-section elementor-element elementor-element-2ff9222 elementor-hidden-desktop elementor-hidden-tablet elementor-hidden-mobile elementor-section-boxed elementor-section-height-default elementor-section-height-default\" data-id=\"2ff9222\" data-element_type=\"section\">\n\t\t\t\t\t\t<div class=\"elementor-container elementor-column-gap-default\">\n\t\t\t\t\t<div class=\"elementor-column elementor-col-100 elementor-top-column elementor-element elementor-element-20090eb\" data-id=\"20090eb\" data-element_type=\"column\">\n\t\t\t<div class=\"elementor-widget-wrap elementor-element-populated\">\n\t\t\t\t\t\t<div class=\"elementor-element elementor-element-e9f7bfc elementor-widget elementor-widget-moore_elementor_heading\" data-id=\"e9f7bfc\" data-element_type=\"widget\" data-widget_type=\"moore_elementor_heading.default\">\n\t\t\t\t<div class=\"elementor-widget-container\">\n\t\t\t\t\t         <div class=\"ova-heading\">\n\n\t\t\t<h3 class=\"title\">Conoce a nuestro equipo<\/h3>\n\t\t \t\n\t    <\/div>\n\t\t \t\n\t\t\t\t\t\t<\/div>\n\t\t\t\t<\/div>\n\t\t\t\t<section class=\"elementor-section elementor-inner-section elementor-element elementor-element-68bfef4 elementor-section-boxed elementor-section-height-default elementor-section-height-default\" data-id=\"68bfef4\" data-element_type=\"section\">\n\t\t\t\t\t\t<div class=\"elementor-container elementor-column-gap-default\">\n\t\t\t\t\t<div class=\"elementor-column elementor-col-33 elementor-inner-column elementor-element elementor-element-5311cfa\" data-id=\"5311cfa\" data-element_type=\"column\">\n\t\t\t<div class=\"elementor-widget-wrap elementor-element-populated\">\n\t\t\t\t\t\t<div class=\"elementor-element elementor-element-5f1328c elementor-widget elementor-widget-moore_elementor_team\" data-id=\"5f1328c\" data-element_type=\"widget\" data-widget_type=\"moore_elementor_team.default\">\n\t\t\t\t<div class=\"elementor-widget-container\">\n\t\t\t\t\t\t\t \n         \t\t\t<div class=\"ova-team\">\n\t\t\t\t<div class=\"img\">\n\t\t\t\t\t<img decoding=\"async\" src=\"http:\/\/demo.ovatheme.com\/moore\/wp-content\/uploads\/2021\/09\/team01.jpg\" class=\"team-img\" alt=\"Johan Johnson \">\n\t\t\t\t<\/div>\n\n\t\t\t\t<div class=\"info\">\n\n\t\t\t\t\t\t\t\t\t\t\t<h2 class=\"name\">\n\t\t\t\t\t\t\t\tJohan Johnson \t\t\t\t\t\t<\/h2>\n\t\t\t\t\t\n\t\t\t\t\t\t\t\t\t\t\t<p  class=\"job\">\n\t\t\t\t\t\t\tOCM\t\t\t\t\t\t<\/p>\n\t\t\t\t\t\n\t\t\t\t<\/div>\t\n\t\t\t<\/div>\n\t\t\t\n\n\t\t\t\t\t\t<\/div>\n\t\t\t\t<\/div>\n\t\t\t\t\t<\/div>\n\t\t<\/div>\n\t\t\t\t<div class=\"elementor-column elementor-col-33 elementor-inner-column elementor-element elementor-element-6ed3d0c\" data-id=\"6ed3d0c\" data-element_type=\"column\">\n\t\t\t<div class=\"elementor-widget-wrap elementor-element-populated\">\n\t\t\t\t\t\t<div class=\"elementor-element elementor-element-8cab037 elementor-widget elementor-widget-moore_elementor_team\" data-id=\"8cab037\" data-element_type=\"widget\" data-widget_type=\"moore_elementor_team.default\">\n\t\t\t\t<div class=\"elementor-widget-container\">\n\t\t\t\t\t\t\t \n         \t\t\t<div class=\"ova-team\">\n\t\t\t\t<div class=\"img\">\n\t\t\t\t\t<img decoding=\"async\" src=\"http:\/\/demo.ovatheme.com\/moore\/wp-content\/uploads\/2021\/09\/team02.jpg\" class=\"team-img\" alt=\"Maria Peterson\">\n\t\t\t\t<\/div>\n\n\t\t\t\t<div class=\"info\">\n\n\t\t\t\t\t\t\t\t\t\t\t<h2 class=\"name\">\n\t\t\t\t\t\t\t\tMar\u00eda Peterson\t\t\t\t\t\t<\/h2>\n\t\t\t\t\t\n\t\t\t\t\t\t\t\t\t\t\t<p  class=\"job\">\n\t\t\t\t\t\t\tDIRECTOR GENERAL\t\t\t\t\t\t<\/p>\n\t\t\t\t\t\n\t\t\t\t<\/div>\t\n\t\t\t<\/div>\n\t\t\t\n\n\t\t\t\t\t\t<\/div>\n\t\t\t\t<\/div>\n\t\t\t\t\t<\/div>\n\t\t<\/div>\n\t\t\t\t<div class=\"elementor-column elementor-col-33 elementor-inner-column elementor-element elementor-element-9d9e38f\" data-id=\"9d9e38f\" data-element_type=\"column\">\n\t\t\t<div class=\"elementor-widget-wrap elementor-element-populated\">\n\t\t\t\t\t\t<div class=\"elementor-element elementor-element-f72383c elementor-widget elementor-widget-moore_elementor_team\" data-id=\"f72383c\" data-element_type=\"widget\" data-widget_type=\"moore_elementor_team.default\">\n\t\t\t\t<div class=\"elementor-widget-container\">\n\t\t\t\t\t\t\t \n         \t\t\t<div class=\"ova-team\">\n\t\t\t\t<div class=\"img\">\n\t\t\t\t\t<img decoding=\"async\" src=\"http:\/\/demo.ovatheme.com\/moore\/wp-content\/uploads\/2021\/09\/team03.jpg\" class=\"team-img\" alt=\"Stiven Mc Finland\">\n\t\t\t\t<\/div>\n\n\t\t\t\t<div class=\"info\">\n\n\t\t\t\t\t\t\t\t\t\t\t<h2 class=\"name\">\n\t\t\t\t\t\t\t\tStiven Mc Finlandia\t\t\t\t\t\t<\/h2>\n\t\t\t\t\t\n\t\t\t\t\t\t\t\t\t\t\t<p  class=\"job\">\n\t\t\t\t\t\t\tDirector\t\t\t\t\t\t<\/p>\n\t\t\t\t\t\n\t\t\t\t<\/div>\t\n\t\t\t<\/div>\n\t\t\t\n\n\t\t\t\t\t\t<\/div>\n\t\t\t\t<\/div>\n\t\t\t\t\t<\/div>\n\t\t<\/div>\n\t\t\t\t\t<\/div>\n\t\t<\/section>\n\t\t\t\t\t<\/div>\n\t\t<\/div>\n\t\t\t\t\t<\/div>\n\t\t<\/section>\n\t\t\t\t<section class=\"elementor-section elementor-top-section elementor-element elementor-element-d074308 elementor-section-boxed elementor-section-height-default elementor-section-height-default\" data-id=\"d074308\" data-element_type=\"section\">\n\t\t\t\t\t\t<div class=\"elementor-container elementor-column-gap-default\">\n\t\t\t\t\t<div class=\"elementor-column elementor-col-100 elementor-top-column elementor-element elementor-element-7897c8b\" data-id=\"7897c8b\" data-element_type=\"column\">\n\t\t\t<div class=\"elementor-widget-wrap elementor-element-populated\">\n\t\t\t\t\t\t<div class=\"elementor-element elementor-element-93d7867 elementor-widget elementor-widget-moore_elementor_heading\" data-id=\"93d7867\" data-element_type=\"widget\" data-widget_type=\"moore_elementor_heading.default\">\n\t\t\t\t<div class=\"elementor-widget-container\">\n\t\t\t\t\t         <div class=\"ova-heading\">\n\n\t\t\t<h2 class=\"title\">Mejore su experiencia de vida con S and A Property Management<\/h2>\n\t\t \t\n\t    <\/div>\n\t\t \t\n\t\t\t\t\t\t<\/div>\n\t\t\t\t<\/div>\n\t\t\t\t<div class=\"elementor-element elementor-element-f6bab03 elementor-widget elementor-widget-text-editor\" data-id=\"f6bab03\" data-element_type=\"widget\" data-widget_type=\"text-editor.default\">\n\t\t\t\t<div class=\"elementor-widget-container\">\n\t\t\t\t\t\t\t\t\t<p>Descubra la diferencia de la gesti\u00f3n inmobiliaria personalizada en Los \u00c1ngeles<\/p>\t\t\t\t\t\t\t\t<\/div>\n\t\t\t\t<\/div>\n\t\t\t\t<div class=\"elementor-element elementor-element-7d08823 elementor-align-center elementor-widget elementor-widget-button\" data-id=\"7d08823\" data-element_type=\"widget\" data-widget_type=\"button.default\">\n\t\t\t\t<div class=\"elementor-widget-container\">\n\t\t\t\t\t\t\t\t\t<div class=\"elementor-button-wrapper\">\n\t\t\t\t\t<a class=\"elementor-button elementor-button-link elementor-size-sm\" href=\"https:\/\/sandapropertyservices.com\/es\/contact\/\">\n\t\t\t\t\t\t<span class=\"elementor-button-content-wrapper\">\n\t\t\t\t\t\t\t\t\t<span class=\"elementor-button-text\">CONTACTE CON NOSOTROS<\/span>\n\t\t\t\t\t<\/span>\n\t\t\t\t\t<\/a>\n\t\t\t\t<\/div>\n\t\t\t\t\t\t\t\t<\/div>\n\t\t\t\t<\/div>\n\t\t\t\t\t<\/div>\n\t\t<\/div>\n\t\t\t\t\t<\/div>\n\t\t<\/section>\n\t\t\t\t<\/div>","protected":false},"excerpt":{"rendered":"<p>About S and A Property Services About Us Redefining Property Management with Excellence S and A Property Services is a fully integrated property management firm, guiding clients from land acquisition to development, stabilization, and long-term ownership. While the majority of our management portfolio consists of our own privately held properties, we have a demonstrated history [&hellip;]<\/p>","protected":false},"author":1,"featured_media":2126,"parent":0,"menu_order":0,"comment_status":"closed","ping_status":"closed","template":"elementor_header_footer","meta":{"footnotes":""},"class_list":["post-493","page","type-page","status-publish","has-post-thumbnail","hentry"],"_links":{"self":[{"href":"https:\/\/sandapropertyservices.com\/es\/wp-json\/wp\/v2\/pages\/493","targetHints":{"allow":["GET"]}}],"collection":[{"href":"https:\/\/sandapropertyservices.com\/es\/wp-json\/wp\/v2\/pages"}],"about":[{"href":"https:\/\/sandapropertyservices.com\/es\/wp-json\/wp\/v2\/types\/page"}],"author":[{"embeddable":true,"href":"https:\/\/sandapropertyservices.com\/es\/wp-json\/wp\/v2\/users\/1"}],"replies":[{"embeddable":true,"href":"https:\/\/sandapropertyservices.com\/es\/wp-json\/wp\/v2\/comments?post=493"}],"version-history":[{"count":76,"href":"https:\/\/sandapropertyservices.com\/es\/wp-json\/wp\/v2\/pages\/493\/revisions"}],"predecessor-version":[{"id":7116,"href":"https:\/\/sandapropertyservices.com\/es\/wp-json\/wp\/v2\/pages\/493\/revisions\/7116"}],"wp:featuredmedia":[{"embeddable":true,"href":"https:\/\/sandapropertyservices.com\/es\/wp-json\/wp\/v2\/media\/2126"}],"wp:attachment":[{"href":"https:\/\/sandapropertyservices.com\/es\/wp-json\/wp\/v2\/media?parent=493"}],"curies":[{"name":"wp","href":"https:\/\/api.w.org\/{rel}","templated":true}]}}